{"id":12,"date":"2025-01-06T14:53:40","date_gmt":"2025-01-06T14:53:40","guid":{"rendered":"http:\/\/fightclub-angelholm.local\/?page_id=12"},"modified":"2025-12-20T20:43:33","modified_gmt":"2025-12-20T19:43:33","slug":"hem","status":"publish","type":"page","link":"https:\/\/www.fightclub-angelholm.se\/","title":{"rendered":"Hem"},"content":{"rendered":"\n<p class=\"has-text-align-center\">Vi har l\u00f6pande intag till v\u00e5r Nyb\u00f6rjarkurs s\u00e5 v\u00e4nta inte utan k\u00f6r ig\u00e5ng och b\u00f6rja tr\u00e4na hos oss!<\/p>\n\n\n\n<figure class=\"wp-block-pullquote\"><blockquote><p>Tr\u00e4ningstider:<br><br>M\u00e5ndag <br>18.00-19.00 Avanceradgrupp<br>19.00-20.00 Nyb\u00f6rjargrupp<br><br>Tisdag<br>18.00-19.00 Mellangrupp<br>19.00-20.00 Nyb\u00f6rjargrupp<br><br>Onsdag<br>18.00-19.00 Avanceradgrupp<br>19.00-20.00 Mellangrupp<br><br>Torsdag<br>18.00-19.00 Avanceradgrupp och Mellangrupp<br>19.00-20.00 Nyb\u00f6rjargrupp<br><br>L\u00f6rdag<br>11.00-12.00 Sparring &#8211; samtliga grupper v\u00e4lkomna<br><br>OBS! Vid h\u00f6gtider, sommarlov, jullov etc. kan andra tr\u00e4ningstider f\u00f6rekomma och mer information kommer i fl\u00f6det p\u00e5 denna sida.<\/p><\/blockquote><\/figure>\n\n\n\n<h2 class=\"wp-block-heading has-text-align-center\">Nyb\u00f6rjarkurs startar 12\/1-2026 &#8211; alla \u00e4r v\u00e4lkomna!<\/h2>\n\n\n\n<figure class=\"wp-block-image size-large is-resized\"><img loading=\"lazy\" decoding=\"async\" width=\"724\" height=\"1024\" src=\"https:\/\/www.fightclub-angelholm.se\/wp-content\/uploads\/2025\/12\/600226313_10162296641088176_7414572299037786930_n-1-724x1024.jpg\" alt=\"\" class=\"wp-image-340\" style=\"width:840px;height:auto\" srcset=\"https:\/\/www.fightclub-angelholm.se\/wp-content\/uploads\/2025\/12\/600226313_10162296641088176_7414572299037786930_n-1-724x1024.jpg 724w, https:\/\/www.fightclub-angelholm.se\/wp-content\/uploads\/2025\/12\/600226313_10162296641088176_7414572299037786930_n-1-212x300.jpg 212w, https:\/\/www.fightclub-angelholm.se\/wp-content\/uploads\/2025\/12\/600226313_10162296641088176_7414572299037786930_n-1-768x1086.jpg 768w, https:\/\/www.fightclub-angelholm.se\/wp-content\/uploads\/2025\/12\/600226313_10162296641088176_7414572299037786930_n-1.jpg 794w\" sizes=\"auto, (max-width: 724px) 100vw, 724px\" \/><\/figure>\n","protected":false},"excerpt":{"rendered":"<p>Vi har l\u00f6pande intag till v\u00e5r Nyb\u00f6rjarkurs s\u00e5 v\u00e4nta inte utan k\u00f6r ig\u00e5ng och b\u00f6rja<\/p>\n","protected":false},"author":2,"featured_media":0,"parent":0,"menu_order":0,"comment_status":"closed","ping_status":"closed","template":"","meta":{"footnotes":""},"class_list":["post-12","page","type-page","status-publish","hentry"],"_links":{"self":[{"href":"https:\/\/www.fightclub-angelholm.se\/index.php\/wp-json\/wp\/v2\/pages\/12","targetHints":{"allow":["GET"]}}],"collection":[{"href":"https:\/\/www.fightclub-angelholm.se\/index.php\/wp-json\/wp\/v2\/pages"}],"about":[{"href":"https:\/\/www.fightclub-angelholm.se\/index.php\/wp-json\/wp\/v2\/types\/page"}],"author":[{"embeddable":true,"href":"https:\/\/www.fightclub-angelholm.se\/index.php\/wp-json\/wp\/v2\/users\/2"}],"replies":[{"embeddable":true,"href":"https:\/\/www.fightclub-angelholm.se\/index.php\/wp-json\/wp\/v2\/comments?post=12"}],"version-history":[{"count":10,"href":"https:\/\/www.fightclub-angelholm.se\/index.php\/wp-json\/wp\/v2\/pages\/12\/revisions"}],"predecessor-version":[{"id":344,"href":"https:\/\/www.fightclub-angelholm.se\/index.php\/wp-json\/wp\/v2\/pages\/12\/revisions\/344"}],"wp:attachment":[{"href":"https:\/\/www.fightclub-angelholm.se\/index.php\/wp-json\/wp\/v2\/media?parent=12"}],"curies":[{"name":"wp","href":"https:\/\/api.w.org\/{rel}","templated":true}]}}