{"id":18,"date":"2025-01-06T14:55:01","date_gmt":"2025-01-06T14:55:01","guid":{"rendered":"http:\/\/fightclub-angelholm.local\/?page_id=18"},"modified":"2025-01-06T14:55:01","modified_gmt":"2025-01-06T14:55:01","slug":"traningstider","status":"publish","type":"page","link":"https:\/\/www.fightclub-angelholm.se\/index.php\/traningstider\/","title":{"rendered":"Tr\u00e4ningstider"},"content":{"rendered":"\n<p class=\"has-small-font-size\">M\u00e5ndag 18.00-19.00 A-grupp<\/p>\n\n\n\n<p class=\"has-small-font-size\"><a><\/a>M\u00e5ndag 19.00-20.00 N-grupp<\/p>\n\n\n\n<p class=\"has-small-font-size\">Tisdag 18.00-19.00 M-grupp<\/p>\n\n\n\n<p class=\"has-small-font-size\">Tisdag 19.00-20.00 N-grupp<\/p>\n\n\n\n<p class=\"has-small-font-size\">Onsdag 18.00-19.00 A-grupp<\/p>\n\n\n\n<p class=\"has-small-font-size\">Onsdag 19.00-20.00 M-grupp<\/p>\n\n\n\n<p class=\"has-small-font-size\">Torsdag 18.00-19.00 A-grupp\/M-grupp<\/p>\n\n\n\n<p class=\"has-small-font-size\">Torsdag 19.00-20.00 N-grupp<\/p>\n\n\n\n<p class=\"has-small-font-size\">L\u00f6rdag 11.00-12.00 Sparring (Alla grupper)<\/p>\n\n\n\n<p><\/p>\n\n\n\n<p class=\"has-small-font-size\"><strong>Nyb\u00f6rjar kurser?<\/strong><br>Nyb\u00f6rjarkurser har vi i&nbsp;Januari&nbsp;&amp;&nbsp;September.<br>N\u00e4sta Nyb\u00f6rjarkurs (Nyb\u00f6rjargrupp):&nbsp;2025-01<br><em>Mer information ang\u00e5ende tr\u00e4ningstider finner du under \u201dTr\u00e4ningstider\u201d i menyn.<\/em><\/p>\n\n\n\n<p class=\"has-small-font-size\"><strong>OBS!<\/strong><br>Vill du inte v\u00e4nta tills en alldeles ny nyb\u00f6rjarkurs b\u00f6rjar, s\u00e5 g\u00e5r det givetvis bra att hoppa in i nuvarande grupp.<br>Det \u00e4r bara att komma upp till klubben s\u00e5 hj\u00e4lper vi dig att komma ig\u00e5ng med din nya tr\u00e4ning.<\/p>\n\n\n\n<hr class=\"wp-block-separator has-alpha-channel-opacity\"\/>\n\n\n\n<p class=\"has-small-font-size\"><strong>Utrustning<\/strong><br>Vi har all utrustning som du kan beh\u00f6va f\u00f6r att tr\u00e4na Kickboxning &amp; Thaiboxning. Vi har ett stort lager hemma, s\u00e5 pratat med n\u00e5gon av instrukt\u00f6rerna s\u00e5 hj\u00e4lper dom dig med r\u00e5d och tips.<\/p>\n\n\n\n<hr class=\"wp-block-separator has-alpha-channel-opacity\"\/>\n\n\n\n<p class=\"has-small-font-size\"><strong>Kickboxning \/ Thaiboxning som kompletterande tr\u00e4ning<\/strong><br>Vi erbjuder ocks\u00e5 extra tr\u00e4ningar f\u00f6r s\u00e4songssporter s\u00e5 som fotboll, ishockey, basket mm. Vi har haft ishockeylag, innebandylag, fotbollslag och basketlag som har kompletterat sin tr\u00e4ning med Kickboxning\/Thaiboxning just f\u00f6r att h\u00e5lla ig\u00e5ng kondition, smidighet under hela \u00e5ret.<br>F\u00f6r mer information om detta s\u00e5 kontakta Martin 070-7409665<\/p>\n","protected":false},"excerpt":{"rendered":"<p>M\u00e5ndag 18.00-19.00 A-grupp M\u00e5ndag 19.00-20.00 N-grupp Tisdag 18.00-19.00 M-grupp Tisdag 19.00-20.00 N-grupp Onsdag 18.00-19.00 A-grupp<\/p>\n","protected":false},"author":2,"featured_media":0,"parent":0,"menu_order":0,"comment_status":"closed","ping_status":"closed","template":"","meta":{"footnotes":""},"class_list":["post-18","page","type-page","status-publish","hentry"],"_links":{"self":[{"href":"https:\/\/www.fightclub-angelholm.se\/index.php\/wp-json\/wp\/v2\/pages\/18","targetHints":{"allow":["GET"]}}],"collection":[{"href":"https:\/\/www.fightclub-angelholm.se\/index.php\/wp-json\/wp\/v2\/pages"}],"about":[{"href":"https:\/\/www.fightclub-angelholm.se\/index.php\/wp-json\/wp\/v2\/types\/page"}],"author":[{"embeddable":true,"href":"https:\/\/www.fightclub-angelholm.se\/index.php\/wp-json\/wp\/v2\/users\/2"}],"replies":[{"embeddable":true,"href":"https:\/\/www.fightclub-angelholm.se\/index.php\/wp-json\/wp\/v2\/comments?post=18"}],"version-history":[{"count":0,"href":"https:\/\/www.fightclub-angelholm.se\/index.php\/wp-json\/wp\/v2\/pages\/18\/revisions"}],"wp:attachment":[{"href":"https:\/\/www.fightclub-angelholm.se\/index.php\/wp-json\/wp\/v2\/media?parent=18"}],"curies":[{"name":"wp","href":"https:\/\/api.w.org\/{rel}","templated":true}]}}