{"id":23,"date":"2025-01-06T14:55:53","date_gmt":"2025-01-06T14:55:53","guid":{"rendered":"http:\/\/fightclub-angelholm.local\/?page_id=23"},"modified":"2025-12-20T20:39:25","modified_gmt":"2025-12-20T19:39:25","slug":"kalender","status":"publish","type":"page","link":"https:\/\/www.fightclub-angelholm.se\/index.php\/kalender\/","title":{"rendered":"Kalender"},"content":{"rendered":"\n<p class=\"has-small-font-size\">H\u00e4r kommer vi att l\u00e4gga upp aktuella t\u00e4vlingar som vi arrangerar p\u00e5 v\u00e5r klubb. \u00c4r Ni intresserade av att b\u00f6rja t\u00e4vla tar Ni kontakt med n\u00e5gon av v\u00e5ra instrukt\u00f6rer s\u00e5 f\u00f6rklarar vi hur man g\u00f6r och samtidigt \u00e4r det alltid en f\u00f6rdel att g\u00f6ra debuten p\u00e5 hemmaplan. Instrukt\u00f6rerna coachar v\u00e5ra t\u00e4vlande p\u00e5 ett mycket bra s\u00e4tt och samtidigt ser vi till att du alltid \u00e4r v\u00e4l f\u00f6rberedd inf\u00f6r matchen.<\/p>\n\n\n\n<h2 class=\"wp-block-heading\">Nyb\u00f6rjarkurs 12\/1-2026<\/h2>\n\n\n\n<figure class=\"wp-block-image size-large\"><img loading=\"lazy\" decoding=\"async\" width=\"724\" height=\"1024\" src=\"https:\/\/www.fightclub-angelholm.se\/wp-content\/uploads\/2025\/12\/600226313_10162296641088176_7414572299037786930_n-724x1024.jpg\" alt=\"\" class=\"wp-image-338\" srcset=\"https:\/\/www.fightclub-angelholm.se\/wp-content\/uploads\/2025\/12\/600226313_10162296641088176_7414572299037786930_n-724x1024.jpg 724w, https:\/\/www.fightclub-angelholm.se\/wp-content\/uploads\/2025\/12\/600226313_10162296641088176_7414572299037786930_n-212x300.jpg 212w, https:\/\/www.fightclub-angelholm.se\/wp-content\/uploads\/2025\/12\/600226313_10162296641088176_7414572299037786930_n-768x1086.jpg 768w, https:\/\/www.fightclub-angelholm.se\/wp-content\/uploads\/2025\/12\/600226313_10162296641088176_7414572299037786930_n.jpg 794w\" sizes=\"auto, (max-width: 724px) 100vw, 724px\" \/><\/figure>\n","protected":false},"excerpt":{"rendered":"<p>H\u00e4r kommer vi att l\u00e4gga upp aktuella t\u00e4vlingar som vi arrangerar p\u00e5 v\u00e5r klubb. \u00c4r<\/p>\n","protected":false},"author":2,"featured_media":0,"parent":0,"menu_order":0,"comment_status":"closed","ping_status":"closed","template":"","meta":{"footnotes":""},"class_list":["post-23","page","type-page","status-publish","hentry"],"_links":{"self":[{"href":"https:\/\/www.fightclub-angelholm.se\/index.php\/wp-json\/wp\/v2\/pages\/23","targetHints":{"allow":["GET"]}}],"collection":[{"href":"https:\/\/www.fightclub-angelholm.se\/index.php\/wp-json\/wp\/v2\/pages"}],"about":[{"href":"https:\/\/www.fightclub-angelholm.se\/index.php\/wp-json\/wp\/v2\/types\/page"}],"author":[{"embeddable":true,"href":"https:\/\/www.fightclub-angelholm.se\/index.php\/wp-json\/wp\/v2\/users\/2"}],"replies":[{"embeddable":true,"href":"https:\/\/www.fightclub-angelholm.se\/index.php\/wp-json\/wp\/v2\/comments?post=23"}],"version-history":[{"count":5,"href":"https:\/\/www.fightclub-angelholm.se\/index.php\/wp-json\/wp\/v2\/pages\/23\/revisions"}],"predecessor-version":[{"id":339,"href":"https:\/\/www.fightclub-angelholm.se\/index.php\/wp-json\/wp\/v2\/pages\/23\/revisions\/339"}],"wp:attachment":[{"href":"https:\/\/www.fightclub-angelholm.se\/index.php\/wp-json\/wp\/v2\/media?parent=23"}],"curies":[{"name":"wp","href":"https:\/\/api.w.org\/{rel}","templated":true}]}}